{"id":731,"date":"2018-07-17T09:29:03","date_gmt":"2018-07-17T09:29:03","guid":{"rendered":"http:\/\/antoinetteaichele.com\/?page_id=731"},"modified":"2018-11-13T17:39:31","modified_gmt":"2018-11-13T17:39:31","slug":"leistungen","status":"publish","type":"page","link":"https:\/\/antoinetteaichele.com\/?page_id=731","title":{"rendered":"Leistungen"},"content":{"rendered":"<p>Unser \u00dcbersetzungsb\u00fcro bietet Ihnen zuverl\u00e4ssige und schnelle Fach\u00fcbersetzungen in alle international g\u00e4ngigen Schriftsprachen \u2013 mit oder ohne Beglaubigung, ganz wie Sie es w\u00fcnschen. Alle \u00dcbersetzungen werden von ausgebildeten und muttersprachlichen Fach\u00fcbersetzern gefertigt. Unsere <a href=\"https:\/\/antoinetteaichele.com\/?page_id=734\">Preise und Konditionen finden Sie hier<\/a>. Nachfolgend eine Auswahl der durch uns abgedeckten Sachgebiete:<\/p>\n<p><strong>Urkunden &amp; Zeugnisse<\/strong><\/p>\n<p>Wir liefern Ihnen beglaubigte \u00dcbersetzungen von Urkunden und Dokumenten jeder Art: Ob Geburts- oder Heiratsurkunde, Ehef\u00e4higkeitszeugnis, Scheidungsurteil, Sterbeurkunde, F\u00fchrungszeugnis, Schul- und Arbeitszeugnis, Handelsregisterauszug etc. \u2013 wir stellen die gew\u00fcnschte und amtlich anerkannte \u00dcbersetzung ins Deutsche, Englische oder eine andere Sprache zeitnah zur Verf\u00fcgung.<\/p>\n<p><strong>Recht &amp; Vertr\u00e4ge<\/strong><\/p>\n<p>Sie m\u00f6chten einen Vertrag ins Englische oder eine andere Sprache \u00fcbersetzen lassen? Sie ben\u00f6tigen eine juristische \u00dcbersetzung? Wir k\u00fcmmern uns um die fachgerechte \u00dcbersetzung Ihrer Vertr\u00e4ge, Satzung, AGBs, Gutachten, Klageschriften, Urteile usw. und bearbeiten dabei Dokumente aus den folgenden Rechtsgebieten:<\/p>\n<p>\u00d6ffentliches Recht, Strafrecht, Privatrecht, B\u00fcrgerliches Recht, Familienrecht, Erbrecht, Handels- und Wirtschaftsrecht, Vertragsrecht, Gesellschaftsrecht, Aktienrecht, Immobilienrecht, Gewerblicher Rechtsschutz, Patentschriften, Datenschutz, Insolvenzrecht, Steuerrecht, Arbeitsrecht, Sozialrecht, Polizei, Justiz, Gerichte<\/p>\n<p><strong>Wirtschaft, Handel &amp; Finanzen<\/strong><\/p>\n<p>Wir \u00fcbersetzen Gesch\u00e4ftsberichte, Bilanzen, Jahresabschl\u00fcsse, Analysen, Businesspl\u00e4ne, Pr\u00e4sentationen, Marketing- und Werbetexte sowie Vieles mehr und decken dabei s\u00e4mtliche Wirtschaftsbereiche ab:<\/p>\n<p>Volkswirtschaft, Betriebswirtschaft, Unternehmensf\u00fchrung, Unternehmenszusammenschl\u00fcsse (M&amp;A), Personalwesen, Arbeitswirtschaft, Logistik, Immobilienwirtschaft, Handel, Marktforschung, Marketing, Finanzen, Rechnungswesen, Steuern, Versicherungen, Bank- &amp; B\u00f6rsenwesen<\/p>\n<p><strong>Architektur, Bauwesen &amp; Design<\/strong><\/p>\n<p>Wir erstellen Fach\u00fcbersetzungen jeglicher Dokumente aus dem Architektur-, Bau- und Designgewerbe. Dazu geh\u00f6ren Projektunterlagen, Konzepte, Studien, Baueingaben, Baugenehmigungen, Kostenpl\u00e4ne, Leistungsbeschreibungen und -verzeichnisse, Bauvertr\u00e4ge, Berichte, Protokolle, Geb\u00e4ude- und Projektbeschreibungen in den folgenden Fachbereichen:<\/p>\n<p>Bauhauptgewerbe, Hoch- und Tiefbau, Baunebengewerbe, Ausbau und Haustechnik, Statik und Tragwerksplanung, Bauphysik, Bau\u00f6kologie, Baustoffe, Bausysteme, Holzbau, moderner Betonbau, Signaletik\/Orientierung im Raum, Verkehrsfl\u00e4chendesign, intelligente Oberfl\u00e4chen, Photovoltaik, Zukunft des Bauens<\/p>\n<p>Des Weiteren \u00fcbersetzen wir f\u00fcr diverse Verlage und Architekturb\u00fcros regelm\u00e4\u00dfig Fachb\u00fccher, Fachartikel, Webinhalte sowie Monografien zu besonderen Bauwerken und namhaften Architekten. <a href=\"https:\/\/antoinetteaichele.com\/?page_id=1026\">Eine Auswahl unserer Arbeiten finden Sie hier<\/a>.<\/p>\n<p>&nbsp;<\/p>\n<p>Haben Sie Interesse an unseren Dienstleistungen? Gern unterbreiten wir Ihnen ein unverbindliches Angebot. Lassen Sie uns dazu bitte eine E-Mail mit Ihrem Anliegen und dem zu \u00fcbersetzenden Text an <a href=\"mailto:info@antoinetteaichele.com\">info@antoinetteaichele.com<\/a> zukommen. Selbstverst\u00e4ndlich k\u00f6nnen Sie Ihre Anfrage auch telefonisch an die +49\u00a0(0)89\u00a065\u202f11\u202f41\u202f47 oder mobil unter +49\u00a0(0)172\u00a0817\u202f85\u202f36 stellen.<\/p>\n","protected":false},"excerpt":{"rendered":"<p>Unser \u00dcbersetzungsb\u00fcro bietet Ihnen zuverl\u00e4ssige und schnelle Fach\u00fcbersetzungen in alle international g\u00e4ngigen Schriftsprachen \u2013 mit oder ohne Beglaubigung, ganz wie Sie es [&hellip;]<\/p>\n","protected":false},"author":1,"featured_media":0,"parent":0,"menu_order":0,"comment_status":"closed","ping_status":"closed","template":"","meta":{"footnotes":""},"class_list":["post-731","page","type-page","status-publish","hentry"],"_links":{"self":[{"href":"https:\/\/antoinetteaichele.com\/index.php?rest_route=\/wp\/v2\/pages\/731","targetHints":{"allow":["GET"]}}],"collection":[{"href":"https:\/\/antoinetteaichele.com\/index.php?rest_route=\/wp\/v2\/pages"}],"about":[{"href":"https:\/\/antoinetteaichele.com\/index.php?rest_route=\/wp\/v2\/types\/page"}],"author":[{"embeddable":true,"href":"https:\/\/antoinetteaichele.com\/index.php?rest_route=\/wp\/v2\/users\/1"}],"replies":[{"embeddable":true,"href":"https:\/\/antoinetteaichele.com\/index.php?rest_route=%2Fwp%2Fv2%2Fcomments&post=731"}],"version-history":[{"count":14,"href":"https:\/\/antoinetteaichele.com\/index.php?rest_route=\/wp\/v2\/pages\/731\/revisions"}],"predecessor-version":[{"id":1173,"href":"https:\/\/antoinetteaichele.com\/index.php?rest_route=\/wp\/v2\/pages\/731\/revisions\/1173"}],"wp:attachment":[{"href":"https:\/\/antoinetteaichele.com\/index.php?rest_route=%2Fwp%2Fv2%2Fmedia&parent=731"}],"curies":[{"name":"wp","href":"https:\/\/api.w.org\/{rel}","templated":true}]}}