{"id":726,"date":"2018-07-16T10:38:07","date_gmt":"2018-07-16T10:38:07","guid":{"rendered":"http:\/\/antoinetteaichele.com\/?page_id=726"},"modified":"2018-10-13T09:49:19","modified_gmt":"2018-10-13T09:49:19","slug":"ueber-uns","status":"publish","type":"page","link":"https:\/\/antoinetteaichele.com\/?page_id=726","title":{"rendered":"Das sind wir"},"content":{"rendered":"<p>Unsere Arbeitsschwerpunkte bilden die Fachgebiete Architektur, Wirtschaft, Recht, Handel und Finanzen, zudem bieten wir Privatpersonen, die eine beglaubigte \u00dcbersetzung ihrer Urkunden, Dokumente oder Zeugnisse ben\u00f6tigen, einen schnellen \u00dcbersetzungsservice.<\/p>\n<p>Das \u00dcbersetzungsb\u00fcro Antoinette Aichele-Platen agiert dabei in einem ausgedehnten Netzwerk bestens ausgebildeter Fach\u00fcbersetzer. Zum Einsatz kommen ausschlie\u00dflich erfahrene Fach\u00fcbersetzer, die in ihre Muttersprache \u00fcbertragen. Viele von ihnen verf\u00fcgen zus\u00e4tzlich \u00fcber eine Berufsausbildung bzw. einen Hochschulabschluss im jeweiligen Fachgebiet. Zur finalen Qualit\u00e4tssicherung werden alle \u00dcbersetzungen vor Auslieferung sorgf\u00e4ltig gepr\u00fcft und Korrektur gelesen.<\/p>\n<p>&nbsp;<\/p>\n<p><strong>\u00dcber Antoinette Aichele-Platen<\/strong><\/p>\n<p>Ich bin staatlich gepr\u00fcfte, \u00f6ffentlich bestellte und beeidigte \u00dcbersetzerin. Der Wunsch nach Selbst\u00e4ndigkeit, mein Unternehmergeist und die Liebe zur Sprache und Pr\u00e4zision lie\u00dfen mich im Jahr 2000 mein \u00dcbersetzungsb\u00fcro gr\u00fcnden. Neben meiner eigenen \u00dcbersetzungst\u00e4tigkeit \u2013 vorwiegend in den Bereichen Architektur, Wirtschaft, Recht und Urkunden\u00fcbersetzung \u2013 manage ich seit Jahren erfolgreich mein Netzwerk freiberuflicher \u00dcbersetzer, k\u00fcmmere mich um die Abwicklung aller Auftr\u00e4ge, um Textkorrekturen und die fachliche Unterst\u00fctzung meiner Kollegen.<\/p>\n<p>Wir \u00fcbersetzen sachlich korrekt, pr\u00e4zise und stilistisch souver\u00e4n.<\/p>\n<p>Wir arbeiten schnell, flexibel und immer termingerecht.<\/p>\n<p>Haben Sie Interesse an unseren Dienstleistungen? Gern unterbreiten wir Ihnen ein unverbindliches Angebot. Lassen Sie uns dazu bitte eine E-Mail mit Ihrem Anliegen und dem zu \u00fcbersetzenden Text an <a href=\"mailto:info@antoinetteaichele.com\">info@antoinetteaichele.com<\/a> zukommen. Selbstverst\u00e4ndlich k\u00f6nnen Sie Ihre Anfrage auch telefonisch an die +49\u00a0(0)89\u00a065\u202f11\u202f41\u202f47 oder mobil unter +49\u00a0(0)172\u00a0817\u202f85\u202f36 stellen.<\/p>\n","protected":false},"excerpt":{"rendered":"<p>Unsere Arbeitsschwerpunkte bilden die Fachgebiete Architektur, Wirtschaft, Recht, Handel und Finanzen, zudem bieten wir Privatpersonen, die eine beglaubigte \u00dcbersetzung ihrer Urkunden, Dokumente [&hellip;]<\/p>\n","protected":false},"author":1,"featured_media":0,"parent":0,"menu_order":0,"comment_status":"closed","ping_status":"closed","template":"","meta":{"footnotes":""},"class_list":["post-726","page","type-page","status-publish","hentry"],"_links":{"self":[{"href":"https:\/\/antoinetteaichele.com\/index.php?rest_route=\/wp\/v2\/pages\/726","targetHints":{"allow":["GET"]}}],"collection":[{"href":"https:\/\/antoinetteaichele.com\/index.php?rest_route=\/wp\/v2\/pages"}],"about":[{"href":"https:\/\/antoinetteaichele.com\/index.php?rest_route=\/wp\/v2\/types\/page"}],"author":[{"embeddable":true,"href":"https:\/\/antoinetteaichele.com\/index.php?rest_route=\/wp\/v2\/users\/1"}],"replies":[{"embeddable":true,"href":"https:\/\/antoinetteaichele.com\/index.php?rest_route=%2Fwp%2Fv2%2Fcomments&post=726"}],"version-history":[{"count":17,"href":"https:\/\/antoinetteaichele.com\/index.php?rest_route=\/wp\/v2\/pages\/726\/revisions"}],"predecessor-version":[{"id":1128,"href":"https:\/\/antoinetteaichele.com\/index.php?rest_route=\/wp\/v2\/pages\/726\/revisions\/1128"}],"wp:attachment":[{"href":"https:\/\/antoinetteaichele.com\/index.php?rest_route=%2Fwp%2Fv2%2Fmedia&parent=726"}],"curies":[{"name":"wp","href":"https:\/\/api.w.org\/{rel}","templated":true}]}}